{"id":4885,"date":"2024-12-11T17:11:42","date_gmt":"2024-12-11T16:11:42","guid":{"rendered":"https:\/\/jeneyugyved.hu\/kapcsolat\/"},"modified":"2025-07-08T15:59:26","modified_gmt":"2025-07-08T13:59:26","slug":"contact","status":"publish","type":"page","link":"https:\/\/jeneyugyved.hu\/en\/contact\/","title":{"rendered":"Contact"},"content":{"rendered":"<p>[et_pb_section fb_built=&#8221;1&#8243; fullwidth=&#8221;on&#8221; disabled_on=&#8221;off|off|off&#8221; _builder_version=&#8221;4.27.4&#8243; _module_preset=&#8221;default&#8221; background_image=&#8221;https:\/\/jeneyugyved.hu\/wp-content\/uploads\/2024\/12\/Jeney-ugyvedi-iroda-kapcsolat.jpg&#8221; background_position=&#8221;top_center&#8221; background_enable_video_mp4=&#8221;off&#8221; global_colors_info=&#8221;{}&#8221;][et_pb_fullwidth_header title=&#8221;Contact&#8221; button_one_url=&#8221;http:\/\/wphonlap.eu\/ilf\/join-us\/&#8221; button_two_url=&#8221;http:\/\/wphonlap.eu\/ilf\/about-us\/&#8221; _builder_version=&#8221;4.27.4&#8243; _module_preset=&#8221;default&#8221; title_font=&#8221;|700||on|||||&#8221; title_text_align=&#8221;center&#8221; title_text_color=&#8221;#FFFFFF&#8221; title_font_size=&#8221;45px&#8221; title_letter_spacing=&#8221;2px&#8221; content_font=&#8221;|700|||||||&#8221; content_text_color=&#8221;#FFFFFF&#8221; content_font_size=&#8221;20px&#8221; subhead_font=&#8221;|700|||||||&#8221; subhead_text_align=&#8221;center&#8221; subhead_text_color=&#8221;#FFFFFF&#8221; subhead_font_size=&#8221;26px&#8221; subhead_line_height=&#8221;2.5em&#8221; background_color=&#8221;rgba(0,0,0,0.5)&#8221; background_enable_image=&#8221;off&#8221; background_enable_video_mp4=&#8221;off&#8221; custom_button_one=&#8221;on&#8221; button_one_text_size=&#8221;18px&#8221; button_one_text_color=&#8221;#f0801e&#8221; button_one_bg_color=&#8221;#FFFFFF&#8221; button_one_bg_color_gradient_direction=&#8221;90deg&#8221; button_one_bg_color_gradient_stops=&#8221;#353c44 0%|#768799 100%&#8221; button_one_bg_color_gradient_start=&#8221;#353c44&#8243; button_one_bg_color_gradient_end=&#8221;#768799&#8243; button_one_border_width=&#8221;2px&#8221; button_one_border_color=&#8221;#f0801e&#8221; button_one_border_radius=&#8221;5px&#8221; button_one_font=&#8221;|700||on|||||&#8221; custom_button_two=&#8221;on&#8221; button_two_text_size=&#8221;18px&#8221; button_two_text_color=&#8221;#FFFFFF&#8221; button_two_bg_color=&#8221;#f0801e&#8221; button_two_border_color=&#8221;#FFFFFF&#8221; button_two_border_radius=&#8221;5px&#8221; button_two_font=&#8221;|700||on|||||&#8221; custom_padding=&#8221;100px||100px||false|false&#8221; custom_padding_tablet=&#8221;&#8221; custom_padding_phone=&#8221;110px||110px||false|false&#8221; custom_padding_last_edited=&#8221;on|phone&#8221; animation_style=&#8221;fade&#8221; animation_delay=&#8221;400ms&#8221; box_shadow_style=&#8221;preset3&#8243; box_shadow_style_button_one=&#8221;preset1&#8243; box_shadow_style_button_two=&#8221;preset1&#8243; global_colors_info=&#8221;{}&#8221;][\/et_pb_fullwidth_header][\/et_pb_section][et_pb_section fb_built=&#8221;1&#8243; _builder_version=&#8221;4.27.4&#8243; _module_preset=&#8221;default&#8221; background_color=&#8221;#FFFFFF&#8221; locked=&#8221;off&#8221; global_colors_info=&#8221;{}&#8221;][et_pb_row column_structure=&#8221;1_3,1_3,1_3&#8243; _builder_version=&#8221;4.27.4&#8243; _module_preset=&#8221;default&#8221; hover_enabled=&#8221;0&#8243; global_colors_info=&#8221;{}&#8221; sticky_enabled=&#8221;0&#8243; use_custom_gutter=&#8221;on&#8221; gutter_width=&#8221;1&#8243;][et_pb_column type=&#8221;1_3&#8243; _builder_version=&#8221;4.27.4&#8243; _module_preset=&#8221;default&#8221; global_colors_info=&#8221;{}&#8221;][et_pb_blurb use_icon=&#8221;on&#8221; font_icon=&#8221;&#xe090;||divi||400&#8243; icon_color=&#8221;#c6a539&#8243; icon_placement=&#8221;left&#8221; image_icon_width=&#8221;31px&#8221; _builder_version=&#8221;4.27.4&#8243; _module_preset=&#8221;default&#8221; body_link_font=&#8221;|600|||||||&#8221; body_link_text_color=&#8221;#2f2f30&#8243; image_icon_custom_margin=&#8221;-6px||||false|false&#8221; custom_margin=&#8221;||||false|false&#8221; custom_padding=&#8221;||||false|false&#8221; global_colors_info=&#8221;{}&#8221; sticky_enabled=&#8221;0&#8243; custom_margin_tablet=&#8221;||30px||false|false&#8221; custom_margin_last_edited=&#8221;on|phone&#8221; custom_margin_phone=&#8221;||30px||false|false&#8221;]<\/p>\n<p><a href=\"tel:+36309971783\">+36 30 997 1783<\/a><\/p>\n<p>[\/et_pb_blurb][\/et_pb_column][et_pb_column type=&#8221;1_3&#8243; _builder_version=&#8221;4.27.4&#8243; _module_preset=&#8221;default&#8221; global_colors_info=&#8221;{}&#8221;][et_pb_blurb use_icon=&#8221;on&#8221; font_icon=&#8221;&#xf3c5;||fa||900&#8243; icon_color=&#8221;#c6a539&#8243; icon_placement=&#8221;left&#8221; image_icon_width=&#8221;36px&#8221; _builder_version=&#8221;4.27.4&#8243; _module_preset=&#8221;default&#8221; body_link_font=&#8221;|600|||||||&#8221; body_link_text_color=&#8221;#2f2f30&#8243; image_icon_custom_margin=&#8221;-6px|||0px|false|false&#8221; custom_margin=&#8221;|-55px||-32px|false|false&#8221; custom_padding=&#8221;|||22px|false|false&#8221; global_colors_info=&#8221;{}&#8221; custom_margin_tablet=&#8221;|0px|30px|0px|false|true&#8221; custom_margin_last_edited=&#8221;on|phone&#8221; custom_padding_tablet=&#8221;|||0px|false|false&#8221; custom_padding_phone=&#8221;|||0px|false|false&#8221; custom_padding_last_edited=&#8221;on|desktop&#8221; custom_margin_phone=&#8221;|0px|30px|0px|false|true&#8221;]<\/p>\n<div class=\"section field field-name-field-iroda-szekhely-cim field-type-text field-label-inline clearfix\">\n<div class=\"field-items\">\n<div class=\"field-item odd\">4025 Debrecen, Arany J\u00e1nos u. 20. I\/6.<\/div>\n<\/div>\n<\/div>\n<p>[\/et_pb_blurb][\/et_pb_column][et_pb_column type=&#8221;1_3&#8243; _builder_version=&#8221;4.27.4&#8243; _module_preset=&#8221;default&#8221; global_colors_info=&#8221;{}&#8221;][et_pb_blurb use_icon=&#8221;on&#8221; font_icon=&#8221;&#xf0e0;||fa||900&#8243; icon_color=&#8221;#c6a539&#8243; icon_placement=&#8221;left&#8221; image_icon_width=&#8221;35px&#8221; _builder_version=&#8221;4.27.4&#8243; _module_preset=&#8221;default&#8221; body_link_font=&#8221;|600|||||||&#8221; body_link_text_color=&#8221;#2f2f30&#8243; image_icon_custom_margin=&#8221;-6px||||false|false&#8221; custom_margin=&#8221;||||false|false&#8221; custom_padding=&#8221;|||115px|false|false&#8221; global_colors_info=&#8221;{}&#8221; custom_margin_tablet=&#8221;||||false|false&#8221; custom_margin_phone=&#8221;||30px||false|false&#8221; custom_margin_last_edited=&#8221;on|tablet&#8221; custom_padding_tablet=&#8221;|||0px|false|false&#8221; custom_padding_phone=&#8221;|||0px|false|false&#8221; custom_padding_last_edited=&#8221;on|phone&#8221; module_alignment=&#8221;right&#8221;]<\/p>\n<p><a href=\"mailto:iroda@jeneyugyved.hu\">iroda@jeneyugyved.hu<\/a><\/p>\n<p>[\/et_pb_blurb][\/et_pb_column][\/et_pb_row][et_pb_row column_structure=&#8221;1_2,1_2&#8243; _builder_version=&#8221;4.27.4&#8243; _module_preset=&#8221;default&#8221; global_colors_info=&#8221;{}&#8221;][et_pb_column type=&#8221;1_2&#8243; _builder_version=&#8221;4.27.4&#8243; _module_preset=&#8221;default&#8221; global_colors_info=&#8221;{}&#8221;][et_pb_map address=&#8221;Debrecen, Arany J\u00e1nos u. 20, 4025 Magyarorsz\u00e1g&#8221; zoom_level=&#8221;17&#8243; address_lat=&#8221;47.5264407&#8243; address_lng=&#8221;21.6233803&#8243; use_grayscale_filter=&#8221;on&#8221; _builder_version=&#8221;4.27.4&#8243; _module_preset=&#8221;default&#8221; height=&#8221;470px&#8221; custom_margin=&#8221;||||false|false&#8221; custom_css_main_element=&#8221;h3 {font-size: 18px; margin-top:0px!important;}||&#8221; global_colors_info=&#8221;{}&#8221;][et_pb_map_pin title=&#8221; 4025 Debrecen, Arany J\u00e1nos u. 20. I\/6.&#8221; pin_address=&#8221;Debrecen, Arany J\u00e1nos u. 20, 4025 Magyarorsz\u00e1g&#8221; pin_address_lat=&#8221;47.5264407&#8243; pin_address_lng=&#8221;21.6233803&#8243; _builder_version=&#8221;4.27.4&#8243; _module_preset=&#8221;default&#8221; global_colors_info=&#8221;{}&#8221;]<\/p>\n<p><img loading=\"lazy\" decoding=\"async\" src=\"https:\/\/jeneyugyved.hu\/wp-content\/uploads\/2024\/12\/Jeney_logo-300x148.jpg\" width=\"147\" height=\"72\" alt=\"\" class=\"wp-image-34 alignnone size-medium\" style=\"display: block; margin-left: auto; margin-right: auto;\" \/><\/p>\n<p>[\/et_pb_map_pin][\/et_pb_map][\/et_pb_column][et_pb_column type=&#8221;1_2&#8243; _builder_version=&#8221;4.27.4&#8243; _module_preset=&#8221;default&#8221; global_colors_info=&#8221;{}&#8221;][et_pb_contact_form email=&#8221;iroda@jeneyugyved.hu&#8221; custom_message=&#8221;N\u00e9v: %%Name%%||et_pb_line_break_holder||E-mail: %%Email%%||et_pb_line_break_holder||\u00dczenet: %%Message%%||et_pb_line_break_holder||||et_pb_line_break_holder||Az \u00fczenet a https:\/\/jeneyugyved.hu\/ kapcsolati \u0171rlapon (EN) kereszt\u00fcl ker\u00fclt tov\u00e1bb\u00edt\u00e1sra &#8221; _builder_version=&#8221;4.27.4&#8243; _module_preset=&#8221;default&#8221; _unique_id=&#8221;a19311ba-a97c-409c-948a-1b8c32056681&#8243; custom_button=&#8221;on&#8221; button_text_size=&#8221;18px&#8221; button_text_color=&#8221;#c6a539&#8243; button_border_color=&#8221;#c6a539&#8243; button_font=&#8221;&#8211;et_global_body_font||||||||&#8221; button_icon=&#8221;&#x45;||divi||400&#8243; width_tablet=&#8221;100%&#8221; width_phone=&#8221;100%&#8221; width_last_edited=&#8221;off|desktop&#8221; module_alignment=&#8221;center&#8221; hover_enabled=&#8221;0&#8243; global_colors_info=&#8221;{}&#8221; button_text_color__hover_enabled=&#8221;off|desktop&#8221; button_bg_color__hover_enabled=&#8221;on|hover&#8221; button_bg_color__hover=&#8221;#FFFFFF&#8221; button_bg_enable_color__hover=&#8221;on&#8221; width__hover_enabled=&#8221;off|desktop&#8221; sticky_enabled=&#8221;0&#8243;][et_pb_contact_field field_id=&#8221;Name&#8221; field_title=&#8221;Name&#8221; _builder_version=&#8221;4.27.4&#8243; global_colors_info=&#8221;{}&#8221; button_text_size__hover_enabled=&#8221;off&#8221; button_one_text_size__hover_enabled=&#8221;off&#8221; button_two_text_size__hover_enabled=&#8221;off&#8221; button_text_color__hover_enabled=&#8221;off&#8221; button_one_text_color__hover_enabled=&#8221;off&#8221; button_two_text_color__hover_enabled=&#8221;off&#8221; button_border_width__hover_enabled=&#8221;off&#8221; button_one_border_width__hover_enabled=&#8221;off&#8221; button_two_border_width__hover_enabled=&#8221;off&#8221; button_border_color__hover_enabled=&#8221;off&#8221; button_one_border_color__hover_enabled=&#8221;off&#8221; button_two_border_color__hover_enabled=&#8221;off&#8221; button_border_radius__hover_enabled=&#8221;off&#8221; button_one_border_radius__hover_enabled=&#8221;off&#8221; button_two_border_radius__hover_enabled=&#8221;off&#8221; button_letter_spacing__hover_enabled=&#8221;off&#8221; button_one_letter_spacing__hover_enabled=&#8221;off&#8221; button_two_letter_spacing__hover_enabled=&#8221;off&#8221; button_bg_color__hover_enabled=&#8221;off&#8221; button_one_bg_color__hover_enabled=&#8221;off&#8221; button_two_bg_color__hover_enabled=&#8221;off&#8221;][\/et_pb_contact_field][et_pb_contact_field field_id=&#8221;Email&#8221; field_title=&#8221;Email&#8221; field_type=&#8221;email&#8221; _builder_version=&#8221;4.27.4&#8243; global_colors_info=&#8221;{}&#8221; button_text_size__hover_enabled=&#8221;off&#8221; button_one_text_size__hover_enabled=&#8221;off&#8221; button_two_text_size__hover_enabled=&#8221;off&#8221; button_text_color__hover_enabled=&#8221;off&#8221; button_one_text_color__hover_enabled=&#8221;off&#8221; button_two_text_color__hover_enabled=&#8221;off&#8221; button_border_width__hover_enabled=&#8221;off&#8221; button_one_border_width__hover_enabled=&#8221;off&#8221; button_two_border_width__hover_enabled=&#8221;off&#8221; button_border_color__hover_enabled=&#8221;off&#8221; button_one_border_color__hover_enabled=&#8221;off&#8221; button_two_border_color__hover_enabled=&#8221;off&#8221; button_border_radius__hover_enabled=&#8221;off&#8221; button_one_border_radius__hover_enabled=&#8221;off&#8221; button_two_border_radius__hover_enabled=&#8221;off&#8221; button_letter_spacing__hover_enabled=&#8221;off&#8221; button_one_letter_spacing__hover_enabled=&#8221;off&#8221; button_two_letter_spacing__hover_enabled=&#8221;off&#8221; button_bg_color__hover_enabled=&#8221;off&#8221; button_one_bg_color__hover_enabled=&#8221;off&#8221; button_two_bg_color__hover_enabled=&#8221;off&#8221;][\/et_pb_contact_field][et_pb_contact_field field_id=&#8221;Message&#8221; field_title=&#8221;Message&#8221; field_type=&#8221;text&#8221; fullwidth_field=&#8221;on&#8221; _builder_version=&#8221;4.27.4&#8243; global_colors_info=&#8221;{}&#8221; button_text_size__hover_enabled=&#8221;off&#8221; button_one_text_size__hover_enabled=&#8221;off&#8221; button_two_text_size__hover_enabled=&#8221;off&#8221; button_text_color__hover_enabled=&#8221;off&#8221; button_one_text_color__hover_enabled=&#8221;off&#8221; button_two_text_color__hover_enabled=&#8221;off&#8221; button_border_width__hover_enabled=&#8221;off&#8221; button_one_border_width__hover_enabled=&#8221;off&#8221; button_two_border_width__hover_enabled=&#8221;off&#8221; button_border_color__hover_enabled=&#8221;off&#8221; button_one_border_color__hover_enabled=&#8221;off&#8221; button_two_border_color__hover_enabled=&#8221;off&#8221; button_border_radius__hover_enabled=&#8221;off&#8221; button_one_border_radius__hover_enabled=&#8221;off&#8221; button_two_border_radius__hover_enabled=&#8221;off&#8221; button_letter_spacing__hover_enabled=&#8221;off&#8221; button_one_letter_spacing__hover_enabled=&#8221;off&#8221; button_two_letter_spacing__hover_enabled=&#8221;off&#8221; button_bg_color__hover_enabled=&#8221;off&#8221; button_one_bg_color__hover_enabled=&#8221;off&#8221; button_two_bg_color__hover_enabled=&#8221;off&#8221;][\/et_pb_contact_field][et_pb_contact_field field_id=&#8221;I_understand&#8221; field_title=&#8221; &#8221; field_type=&#8221;checkbox&#8221; checkbox_options=&#8221;%91{%22value%22:%22I understand and accept that by completing and submitting the form, as well as receiving a response, no legal relationship is established between me and the Law Firm, and the information provided does not constitute legal advice due to the lack of a detailed fact-finding process and the Law Firm assumes no liability for any potential adverse consequences.%22,%22checked%22:0,%22dragID%22:-1}%93&#8243; fullwidth_field=&#8221;on&#8221; _builder_version=&#8221;4.27.4&#8243; _module_preset=&#8221;default&#8221; form_field_text_align=&#8221;justify&#8221; form_field_font_size=&#8221;14px&#8221; global_colors_info=&#8221;{}&#8221;][\/et_pb_contact_field][et_pb_contact_field field_id=&#8221;Privacy_Notice&#8221; field_title=&#8221; &#8221; field_type=&#8221;checkbox&#8221; checkbox_options=&#8221;%91{%22value%22:%22I accept the %22,%22checked%22:0,%22dragID%22:-1,%22link_url%22:%22https:\/\/jeneyugyved.hu\/en\/privacy-notice\/%22,%22link_text%22:%22privacy notice.%22}%93&#8243; fullwidth_field=&#8221;on&#8221; _builder_version=&#8221;4.27.4&#8243; _module_preset=&#8221;default&#8221; form_field_font_size=&#8221;14px&#8221; global_colors_info=&#8221;{}&#8221;][\/et_pb_contact_field][\/et_pb_contact_form][\/et_pb_column][\/et_pb_row][\/et_pb_section]<\/p>\n","protected":false},"excerpt":{"rendered":"<p>+36 30 997 1783 4025 Debrecen, Arany J\u00e1nos u. 20. I\/6. iroda@jeneyugyved.hu<\/p>\n","protected":false},"author":3,"featured_media":0,"parent":0,"menu_order":0,"comment_status":"closed","ping_status":"closed","template":"","meta":{"_et_pb_use_builder":"on","_et_pb_old_content":"","_et_gb_content_width":"","footnotes":""},"class_list":["post-4885","page","type-page","status-publish","hentry"],"yoast_head":"<!-- This site is optimized with the Yoast SEO Premium plugin v26.2 (Yoast SEO v26.6) - https:\/\/yoast.com\/wordpress\/plugins\/seo\/ -->\n<title>Contact - Jeney Law Firm<\/title>\n<meta name=\"robots\" content=\"index, follow, max-snippet:-1, max-image-preview:large, max-video-preview:-1\" \/>\n<link rel=\"canonical\" href=\"https:\/\/jeneyugyved.hu\/kapcsolat\/\" \/>\n<meta property=\"og:locale\" content=\"en_US\" \/>\n<meta property=\"og:type\" content=\"article\" \/>\n<meta property=\"og:title\" content=\"Contact\" \/>\n<meta property=\"og:description\" content=\"+36 30 997 1783 4025 Debrecen, Arany J\u00e1nos u. 20. I\/6. iroda@jeneyugyved.hu\" \/>\n<meta property=\"og:url\" content=\"https:\/\/jeneyugyved.hu\/kapcsolat\/\" \/>\n<meta property=\"og:site_name\" content=\"Jeney \u00dcgyv\u00e9di Iroda\" \/>\n<meta property=\"article:modified_time\" content=\"2025-07-08T13:59:26+00:00\" \/>\n<meta property=\"og:image\" content=\"https:\/\/jeneyugyved.hu\/wp-content\/uploads\/2024\/12\/Jeney_logo.jpg\" \/>\n\t<meta property=\"og:image:width\" content=\"1900\" \/>\n\t<meta property=\"og:image:height\" content=\"939\" \/>\n\t<meta property=\"og:image:type\" content=\"image\/jpeg\" \/>\n<meta name=\"twitter:card\" content=\"summary_large_image\" \/>\n<meta name=\"twitter:label1\" content=\"Est. reading time\" \/>\n\t<meta name=\"twitter:data1\" content=\"1 minute\" \/>\n<script type=\"application\/ld+json\" class=\"yoast-schema-graph\">{\"@context\":\"https:\/\/schema.org\",\"@graph\":[{\"@type\":\"WebPage\",\"@id\":\"https:\/\/jeneyugyved.hu\/kapcsolat\/\",\"url\":\"https:\/\/jeneyugyved.hu\/kapcsolat\/\",\"name\":\"Contact - Jeney Law Firm\",\"isPartOf\":{\"@id\":\"https:\/\/jeneyugyved.hu\/#website\"},\"primaryImageOfPage\":{\"@id\":\"https:\/\/jeneyugyved.hu\/kapcsolat\/#primaryimage\"},\"image\":{\"@id\":\"https:\/\/jeneyugyved.hu\/kapcsolat\/#primaryimage\"},\"thumbnailUrl\":\"https:\/\/jeneyugyved.hu\/wp-content\/uploads\/2024\/12\/Jeney_logo-300x148.jpg\",\"datePublished\":\"2024-12-11T16:11:42+00:00\",\"dateModified\":\"2025-07-08T13:59:26+00:00\",\"breadcrumb\":{\"@id\":\"https:\/\/jeneyugyved.hu\/kapcsolat\/#breadcrumb\"},\"inLanguage\":\"en-US\",\"potentialAction\":[{\"@type\":\"ReadAction\",\"target\":[\"https:\/\/jeneyugyved.hu\/kapcsolat\/\"]}]},{\"@type\":\"ImageObject\",\"inLanguage\":\"en-US\",\"@id\":\"https:\/\/jeneyugyved.hu\/kapcsolat\/#primaryimage\",\"url\":\"https:\/\/jeneyugyved.hu\/wp-content\/uploads\/2024\/12\/Jeney_logo-300x148.jpg\",\"contentUrl\":\"https:\/\/jeneyugyved.hu\/wp-content\/uploads\/2024\/12\/Jeney_logo-300x148.jpg\"},{\"@type\":\"BreadcrumbList\",\"@id\":\"https:\/\/jeneyugyved.hu\/kapcsolat\/#breadcrumb\",\"itemListElement\":[{\"@type\":\"ListItem\",\"position\":1,\"name\":\"Kezd\u0151lap\",\"item\":\"https:\/\/jeneyugyved.hu\/en\/\"},{\"@type\":\"ListItem\",\"position\":2,\"name\":\"Contact\"}]},{\"@type\":\"WebSite\",\"@id\":\"https:\/\/jeneyugyved.hu\/#website\",\"url\":\"https:\/\/jeneyugyved.hu\/\",\"name\":\"Jeney \u00dcgyv\u00e9di Iroda\",\"description\":\"dr. Jeney Ferenc \u2013 \u00fcgyv\u00e9d Debrecen v\u00e1ros\u00e1ban\",\"potentialAction\":[{\"@type\":\"SearchAction\",\"target\":{\"@type\":\"EntryPoint\",\"urlTemplate\":\"https:\/\/jeneyugyved.hu\/?s={search_term_string}\"},\"query-input\":{\"@type\":\"PropertyValueSpecification\",\"valueRequired\":true,\"valueName\":\"search_term_string\"}}],\"inLanguage\":\"en-US\"}]}<\/script>\n<!-- \/ Yoast SEO Premium plugin. -->","yoast_head_json":{"title":"Contact - Jeney Law Firm","robots":{"index":"index","follow":"follow","max-snippet":"max-snippet:-1","max-image-preview":"max-image-preview:large","max-video-preview":"max-video-preview:-1"},"canonical":"https:\/\/jeneyugyved.hu\/kapcsolat\/","og_locale":"en_US","og_type":"article","og_title":"Contact","og_description":"+36 30 997 1783 4025 Debrecen, Arany J\u00e1nos u. 20. I\/6. iroda@jeneyugyved.hu","og_url":"https:\/\/jeneyugyved.hu\/kapcsolat\/","og_site_name":"Jeney \u00dcgyv\u00e9di Iroda","article_modified_time":"2025-07-08T13:59:26+00:00","og_image":[{"width":1900,"height":939,"url":"https:\/\/jeneyugyved.hu\/wp-content\/uploads\/2024\/12\/Jeney_logo.jpg","type":"image\/jpeg"}],"twitter_card":"summary_large_image","twitter_misc":{"Est. reading time":"1 minute"},"schema":{"@context":"https:\/\/schema.org","@graph":[{"@type":"WebPage","@id":"https:\/\/jeneyugyved.hu\/kapcsolat\/","url":"https:\/\/jeneyugyved.hu\/kapcsolat\/","name":"Contact - Jeney Law Firm","isPartOf":{"@id":"https:\/\/jeneyugyved.hu\/#website"},"primaryImageOfPage":{"@id":"https:\/\/jeneyugyved.hu\/kapcsolat\/#primaryimage"},"image":{"@id":"https:\/\/jeneyugyved.hu\/kapcsolat\/#primaryimage"},"thumbnailUrl":"https:\/\/jeneyugyved.hu\/wp-content\/uploads\/2024\/12\/Jeney_logo-300x148.jpg","datePublished":"2024-12-11T16:11:42+00:00","dateModified":"2025-07-08T13:59:26+00:00","breadcrumb":{"@id":"https:\/\/jeneyugyved.hu\/kapcsolat\/#breadcrumb"},"inLanguage":"en-US","potentialAction":[{"@type":"ReadAction","target":["https:\/\/jeneyugyved.hu\/kapcsolat\/"]}]},{"@type":"ImageObject","inLanguage":"en-US","@id":"https:\/\/jeneyugyved.hu\/kapcsolat\/#primaryimage","url":"https:\/\/jeneyugyved.hu\/wp-content\/uploads\/2024\/12\/Jeney_logo-300x148.jpg","contentUrl":"https:\/\/jeneyugyved.hu\/wp-content\/uploads\/2024\/12\/Jeney_logo-300x148.jpg"},{"@type":"BreadcrumbList","@id":"https:\/\/jeneyugyved.hu\/kapcsolat\/#breadcrumb","itemListElement":[{"@type":"ListItem","position":1,"name":"Kezd\u0151lap","item":"https:\/\/jeneyugyved.hu\/en\/"},{"@type":"ListItem","position":2,"name":"Contact"}]},{"@type":"WebSite","@id":"https:\/\/jeneyugyved.hu\/#website","url":"https:\/\/jeneyugyved.hu\/","name":"Jeney \u00dcgyv\u00e9di Iroda","description":"dr. Jeney Ferenc \u2013 \u00fcgyv\u00e9d Debrecen v\u00e1ros\u00e1ban","potentialAction":[{"@type":"SearchAction","target":{"@type":"EntryPoint","urlTemplate":"https:\/\/jeneyugyved.hu\/?s={search_term_string}"},"query-input":{"@type":"PropertyValueSpecification","valueRequired":true,"valueName":"search_term_string"}}],"inLanguage":"en-US"}]}},"_links":{"self":[{"href":"https:\/\/jeneyugyved.hu\/en\/wp-json\/wp\/v2\/pages\/4885","targetHints":{"allow":["GET"]}}],"collection":[{"href":"https:\/\/jeneyugyved.hu\/en\/wp-json\/wp\/v2\/pages"}],"about":[{"href":"https:\/\/jeneyugyved.hu\/en\/wp-json\/wp\/v2\/types\/page"}],"author":[{"embeddable":true,"href":"https:\/\/jeneyugyved.hu\/en\/wp-json\/wp\/v2\/users\/3"}],"replies":[{"embeddable":true,"href":"https:\/\/jeneyugyved.hu\/en\/wp-json\/wp\/v2\/comments?post=4885"}],"version-history":[{"count":6,"href":"https:\/\/jeneyugyved.hu\/en\/wp-json\/wp\/v2\/pages\/4885\/revisions"}],"predecessor-version":[{"id":5322,"href":"https:\/\/jeneyugyved.hu\/en\/wp-json\/wp\/v2\/pages\/4885\/revisions\/5322"}],"wp:attachment":[{"href":"https:\/\/jeneyugyved.hu\/en\/wp-json\/wp\/v2\/media?parent=4885"}],"curies":[{"name":"wp","href":"https:\/\/api.w.org\/{rel}","templated":true}]}}